{"id":1811,"date":"2025-05-30T12:15:03","date_gmt":"2025-05-30T10:15:03","guid":{"rendered":"https:\/\/tecnostatus.com\/cat\/?page_id=1811"},"modified":"2025-11-14T19:15:56","modified_gmt":"2025-11-14T18:15:56","slug":"politica-de-cookies-2","status":"publish","type":"page","link":"https:\/\/tecnostatus.com\/cat\/politica-de-cookies-2\/","title":{"rendered":"Pol\u00edtica de cookies"},"content":{"rendered":"\n<h4 class=\"wp-block-heading\">www.tecnostatus.com\/cat<\/h4>\n\n\n\n<h4 class=\"wp-block-heading\"><strong>Pol\u00edtica de Cookies<\/strong><\/h4>\n\n\n\n<p>L&#8217;acc\u00e9s a aquest Lloc Web pot implicar la utilitzaci\u00f3 de cookies. Les cookies s\u00f3n petites quantitats d&#8217;informaci\u00f3 que s&#8217;emmagatzemen en el navegador utilitzat per cada Usuari \u2014en els diversos dispositius que pugui utilitzar per navegar\u2014 perqu\u00e8 el servidor recordi certa informaci\u00f3 que posteriorment i \u00fanicament el servidor que la va implementar llegir\u00e0. Les cookies faciliten la navegaci\u00f3, la fan m\u00e9s amable, i no danyen el dispositiu de navegaci\u00f3.<\/p>\n\n\n\n<p>Les cookies s\u00f3n procediments autom\u00e0tics de recollida d&#8217;informaci\u00f3 relativa a les prefer\u00e8ncies determinades per l&#8217;Usuari durant la seva visita al Lloc Web amb la finalitat de recon\u00e8ixer-lo com a Usuari, i personalitzar la seva experi\u00e8ncia i l&#8217;\u00fas del Lloc Web, i poden tamb\u00e9, per exemple, ajudar a identificar i resoldre errors.<\/p>\n\n\n\n<p>La informaci\u00f3 recaptada a trav\u00e9s de les cookies pot incloure la data i hora de visites al Lloc Web, les p\u00e0gines visualitzades, el temps que ha estat al Lloc Web i els llocs visitats just abans i despr\u00e9s del mateix. No obstant aix\u00f2, cap cookie permet que aquesta mateixa es pugui contactar amb el n\u00famero de tel\u00e8fon de l&#8217;Usuari o amb qualsevol altre mitj\u00e0 de contacte personal. Cap cookie pot extreure informaci\u00f3 del disc dur de l&#8217;Usuari o robar informaci\u00f3 personal. L&#8217;\u00fanica manera que la informaci\u00f3 privada de l&#8217;Usuari formi part de l&#8217;arxiu Cookie \u00e9s que l&#8217;usuari doni personalment aquesta informaci\u00f3 al servidor.<\/p>\n\n\n\n<p>Les cookies que permeten identificar una persona es consideren dades personals. Per tant, a les mateixes els ser\u00e0 d&#8217;aplicaci\u00f3 la Pol\u00edtica de Privacitat anteriorment descrita. En aquest sentit, per a la utilitzaci\u00f3 de les mateixes ser\u00e0 necessari el consentiment de l&#8217;Usuari. Aquest consentiment ser\u00e0 comunicat, sobre la base d&#8217;una elecci\u00f3 aut\u00e8ntica, ofert mitjan\u00e7ant una decisi\u00f3 afirmativa i positiva, abans del tractament inicial, removable i documentat.<\/p>\n\n\n\n<p><strong>Cookies pr\u00f2pies<\/strong><br>S\u00f3n aquelles cookies que s&#8217;envien a l&#8217;ordinador o dispositiu de l&#8217;Usuari i gestionades exclusivament per www.tecnostatus.com per al millor funcionament del Lloc Web. La informaci\u00f3 que es recull s&#8217;empra per millorar la qualitat del Lloc Web i el seu Contingut i la seva experi\u00e8ncia com a Usuari. Aquestes cookies permeten recon\u00e8ixer l&#8217;Usuari com a visitant recurrent del Lloc Web i adaptar el contingut per oferir-li continguts que s&#8217;ajustin a les seves prefer\u00e8ncies.<\/p>\n\n\n\n<p><strong>Cookies de tercers<\/strong><br>S\u00f3n cookies utilitzades i gestionades per entitats externes que proporcionen a www.tecnostatus.com serveis sol\u00b7licitats per aquest mateix per millorar el Lloc Web i l&#8217;experi\u00e8ncia de l&#8217;usuari en navegar al Lloc Web. Els principals objectius per als quals s&#8217;utilitzen cookies de tercers s\u00f3n l&#8217;obtenci\u00f3 d&#8217;estad\u00edstiques d&#8217;acc\u00e9s i analitzar la informaci\u00f3 de la navegaci\u00f3, \u00e9s a dir, com interactua l&#8217;Usuari amb el Lloc Web.<\/p>\n\n\n\n<p>La informaci\u00f3 que s&#8217;obt\u00e9 es refereix, per exemple, al nombre de p\u00e0gines visitades, l&#8217;idioma, el lloc on es troba l&#8217;adre\u00e7a IP des de la qual accedeix l&#8217;Usuari, el nombre d&#8217;Usuaris que accedeixen, la freq\u00fc\u00e8ncia i reincid\u00e8ncia de les visites, el temps de visita, el navegador que fan servir, l&#8217;operador o tipus de dispositiu des del qual es realitza la visita. Aquesta informaci\u00f3 s&#8217;utilitza per millorar el Lloc Web, i detectar noves necessitats per oferir als Usuaris un Contingut i\/o servei de qualitat \u00f2ptima. En tot cas, la informaci\u00f3 es recopila de forma an\u00f2nima i s&#8217;elaboren informes de tend\u00e8ncies del Lloc Web sense identificar usuaris individuals.<\/p>\n\n\n\n<p>Es pot obtenir m\u00e9s informaci\u00f3 sobre les cookies, la informaci\u00f3 sobre la privacitat, o consultar la descripci\u00f3 del tipus de cookies que s&#8217;utilitza, les seves principals caracter\u00edstiques, per\u00edode d&#8217;expiraci\u00f3, etc. a l&#8217;enlla\u00e7(s) seg\u00fcent(s):<\/p>\n\n\n\n<p>Google Analytics<\/p>\n\n\n\n<p>La(s) entitat(s) encarregada(s) del subministrament de cookies podr\u00e0(n) cedir aquesta informaci\u00f3 a tercers, sempre que ho exigisca la llei o sigui un tercer el que processi aquesta informaci\u00f3 per a aquestes entitats.<\/p>\n\n\n\n<p><strong>Cookies de xarxes socials<\/strong><br>www.tecnostatus.com incorpora plugins de xarxes socials, que permeten accedir a les mateixes a partir del Lloc Web. Per aquesta ra\u00f3, les cookies de xarxes socials poden emmagatzemar-se en el navegador de l&#8217;Usuari. Els titulars d&#8217;aquestes xarxes socials disposen de les seves pr\u00f2pies pol\u00edtiques de protecci\u00f3 de dades i de cookies, sent ells mateixos, en cada cas, responsables dels seus propis fitxers i de les seves pr\u00f2pies pr\u00e0ctiques de privacitat. L&#8217;Usuari ha de referir-se a les mateixes per informar-se sobre aquestes cookies i, en el seu cas, del tractament de les seves dades personals. Nom\u00e9s a t\u00edtol informatiu s&#8217;indiquen a continuaci\u00f3 els enlla\u00e7os en els quals es poden consultar aquestes pol\u00edtiques de privacitat i\/o de cookies:<\/p>\n\n\n\n<ul class=\"wp-block-list\">\n<li>Facebook: https:\/\/www.facebook.com\/policies\/cookies\/<\/li>\n\n\n\n<li>Twitter: https:\/\/twitter.com\/es\/privacy<\/li>\n\n\n\n<li>Instagram: https:\/\/help.instagram.com\/1896641480634370?ref=ig<\/li>\n\n\n\n<li>YouTube: https:\/\/policies.google.com\/privacy?hl=es-419&amp;gl=mx<\/li>\n\n\n\n<li>Pinterest: https:\/\/policy.pinterest.com\/es\/privacy-policy<\/li>\n\n\n\n<li>LinkedIn: https:\/\/www.linkedin.com\/legal\/cookie-policy?trk=hp-cookies<\/li>\n<\/ul>\n\n\n\n<p><strong>Deshabilitar, rebutjar i eliminar cookies<\/strong><br>L&#8217;Usuari pot deshabilitar, rebutjar i eliminar les cookies \u2014total o parcialment\u2014 instal\u00b7lades en el seu dispositiu mitjan\u00e7ant la configuraci\u00f3 del seu navegador (entre els quals es troben, per exemple, Chrome, Firefox, Safari, Explorer). En aquest sentit, els procediments per rebutjar i eliminar les cookies poden diferir d&#8217;un navegador d&#8217;Internet a un altre. En conseq\u00fc\u00e8ncia, l&#8217;Usuari ha d&#8217;acudir a les instruccions facilitades pel propi navegador d&#8217;Internet que estigui utilitzant. En el sup\u00f2sit que rebutgi l&#8217;\u00fas de cookies \u2014total o parcialment\u2014 podr\u00e0 seguir fent servir el Lloc Web, si b\u00e9 podr\u00e0 tenir limitada la utilitzaci\u00f3 d&#8217;algunes de les prestacions del mateix.<\/p>\n","protected":false},"excerpt":{"rendered":"<p>www.tecnostatus.com\/cat Pol\u00edtica de Cookies L&#8217;acc\u00e9s a aquest Lloc Web pot implicar la utilitzaci\u00f3 de cookies. Les cookies s\u00f3n petites quantitats d&#8217;informaci\u00f3 que s&#8217;emmagatzemen en el navegador utilitzat per cada Usuari \u2014en els diversos dispositius que pugui utilitzar per navegar\u2014 perqu\u00e8 el servidor recordi certa informaci\u00f3 que posteriorment i \u00fanicament el servidor que la va implementar [&hellip;]<\/p>\n","protected":false},"author":1,"featured_media":0,"parent":0,"menu_order":0,"comment_status":"closed","ping_status":"closed","template":"","meta":{"_uag_custom_page_level_css":"","footnotes":""},"class_list":["post-1811","page","type-page","status-publish","hentry"],"blocksy_meta":[],"yoast_head":"<!-- This site is optimized with the Yoast SEO plugin v27.5 - https:\/\/yoast.com\/product\/yoast-seo-wordpress\/ -->\n<title>Pol\u00edtica de cookies - TecnoStatus<\/title>\n<meta name=\"robots\" content=\"noindex, follow\" \/>\n<meta property=\"og:locale\" content=\"ca_ES\" \/>\n<meta property=\"og:type\" content=\"article\" \/>\n<meta property=\"og:title\" content=\"Pol\u00edtica de cookies - TecnoStatus\" \/>\n<meta property=\"og:description\" content=\"www.tecnostatus.com\/cat Pol\u00edtica de Cookies L&#8217;acc\u00e9s a aquest Lloc Web pot implicar la utilitzaci\u00f3 de cookies. Les cookies s\u00f3n petites quantitats d&#8217;informaci\u00f3 que s&#8217;emmagatzemen en el navegador utilitzat per cada Usuari \u2014en els diversos dispositius que pugui utilitzar per navegar\u2014 perqu\u00e8 el servidor recordi certa informaci\u00f3 que posteriorment i \u00fanicament el servidor que la va implementar [&hellip;]\" \/>\n<meta property=\"og:url\" content=\"https:\/\/tecnostatus.com\/cat\/politica-de-cookies-2\/\" \/>\n<meta property=\"og:site_name\" content=\"TecnoStatus\" \/>\n<meta property=\"article:modified_time\" content=\"2025-11-14T18:15:56+00:00\" \/>\n<meta name=\"twitter:card\" content=\"summary_large_image\" \/>\n<meta name=\"twitter:label1\" content=\"Temps estimat de lectura\" \/>\n\t<meta name=\"twitter:data1\" content=\"5 minuts\" \/>\n<script type=\"application\/ld+json\" class=\"yoast-schema-graph\">{\"@context\":\"https:\\\/\\\/schema.org\",\"@graph\":[{\"@type\":\"WebPage\",\"@id\":\"https:\\\/\\\/tecnostatus.com\\\/cat\\\/politica-de-cookies-2\\\/\",\"url\":\"https:\\\/\\\/tecnostatus.com\\\/cat\\\/politica-de-cookies-2\\\/\",\"name\":\"Pol\u00edtica de cookies - TecnoStatus\",\"isPartOf\":{\"@id\":\"https:\\\/\\\/tecnostatus.com\\\/cat\\\/#website\"},\"datePublished\":\"2025-05-30T10:15:03+00:00\",\"dateModified\":\"2025-11-14T18:15:56+00:00\",\"breadcrumb\":{\"@id\":\"https:\\\/\\\/tecnostatus.com\\\/cat\\\/politica-de-cookies-2\\\/#breadcrumb\"},\"inLanguage\":\"ca\",\"potentialAction\":[{\"@type\":\"ReadAction\",\"target\":[\"https:\\\/\\\/tecnostatus.com\\\/cat\\\/politica-de-cookies-2\\\/\"]}]},{\"@type\":\"BreadcrumbList\",\"@id\":\"https:\\\/\\\/tecnostatus.com\\\/cat\\\/politica-de-cookies-2\\\/#breadcrumb\",\"itemListElement\":[{\"@type\":\"ListItem\",\"position\":1,\"name\":\"Portada\",\"item\":\"https:\\\/\\\/tecnostatus.com\\\/cat\\\/\"},{\"@type\":\"ListItem\",\"position\":2,\"name\":\"Pol\u00edtica de cookies\"}]},{\"@type\":\"WebSite\",\"@id\":\"https:\\\/\\\/tecnostatus.com\\\/cat\\\/#website\",\"url\":\"https:\\\/\\\/tecnostatus.com\\\/cat\\\/\",\"name\":\"TecnoStatus\",\"description\":\"Ciutats sostenibles i agradables\",\"publisher\":{\"@id\":\"https:\\\/\\\/tecnostatus.com\\\/cat\\\/#organization\"},\"potentialAction\":[{\"@type\":\"SearchAction\",\"target\":{\"@type\":\"EntryPoint\",\"urlTemplate\":\"https:\\\/\\\/tecnostatus.com\\\/cat\\\/?s={search_term_string}\"},\"query-input\":{\"@type\":\"PropertyValueSpecification\",\"valueRequired\":true,\"valueName\":\"search_term_string\"}}],\"inLanguage\":\"ca\"},{\"@type\":\"Organization\",\"@id\":\"https:\\\/\\\/tecnostatus.com\\\/cat\\\/#organization\",\"name\":\"TecnoStatus\",\"url\":\"https:\\\/\\\/tecnostatus.com\\\/cat\\\/\",\"logo\":{\"@type\":\"ImageObject\",\"inLanguage\":\"ca\",\"@id\":\"https:\\\/\\\/tecnostatus.com\\\/cat\\\/#\\\/schema\\\/logo\\\/image\\\/\",\"url\":\"https:\\\/\\\/tecnostatus.com\\\/cat\\\/wp-content\\\/uploads\\\/sites\\\/11\\\/2025\\\/05\\\/cropped-Logo-TS.png\",\"contentUrl\":\"https:\\\/\\\/tecnostatus.com\\\/cat\\\/wp-content\\\/uploads\\\/sites\\\/11\\\/2025\\\/05\\\/cropped-Logo-TS.png\",\"width\":512,\"height\":512,\"caption\":\"TecnoStatus\"},\"image\":{\"@id\":\"https:\\\/\\\/tecnostatus.com\\\/cat\\\/#\\\/schema\\\/logo\\\/image\\\/\"}}]}<\/script>\n<!-- \/ Yoast SEO plugin. -->","yoast_head_json":{"title":"Pol\u00edtica de cookies - TecnoStatus","robots":{"index":"noindex","follow":"follow"},"og_locale":"ca_ES","og_type":"article","og_title":"Pol\u00edtica de cookies - TecnoStatus","og_description":"www.tecnostatus.com\/cat Pol\u00edtica de Cookies L&#8217;acc\u00e9s a aquest Lloc Web pot implicar la utilitzaci\u00f3 de cookies. Les cookies s\u00f3n petites quantitats d&#8217;informaci\u00f3 que s&#8217;emmagatzemen en el navegador utilitzat per cada Usuari \u2014en els diversos dispositius que pugui utilitzar per navegar\u2014 perqu\u00e8 el servidor recordi certa informaci\u00f3 que posteriorment i \u00fanicament el servidor que la va implementar [&hellip;]","og_url":"https:\/\/tecnostatus.com\/cat\/politica-de-cookies-2\/","og_site_name":"TecnoStatus","article_modified_time":"2025-11-14T18:15:56+00:00","twitter_card":"summary_large_image","twitter_misc":{"Temps estimat de lectura":"5 minuts"},"schema":{"@context":"https:\/\/schema.org","@graph":[{"@type":"WebPage","@id":"https:\/\/tecnostatus.com\/cat\/politica-de-cookies-2\/","url":"https:\/\/tecnostatus.com\/cat\/politica-de-cookies-2\/","name":"Pol\u00edtica de cookies - TecnoStatus","isPartOf":{"@id":"https:\/\/tecnostatus.com\/cat\/#website"},"datePublished":"2025-05-30T10:15:03+00:00","dateModified":"2025-11-14T18:15:56+00:00","breadcrumb":{"@id":"https:\/\/tecnostatus.com\/cat\/politica-de-cookies-2\/#breadcrumb"},"inLanguage":"ca","potentialAction":[{"@type":"ReadAction","target":["https:\/\/tecnostatus.com\/cat\/politica-de-cookies-2\/"]}]},{"@type":"BreadcrumbList","@id":"https:\/\/tecnostatus.com\/cat\/politica-de-cookies-2\/#breadcrumb","itemListElement":[{"@type":"ListItem","position":1,"name":"Portada","item":"https:\/\/tecnostatus.com\/cat\/"},{"@type":"ListItem","position":2,"name":"Pol\u00edtica de cookies"}]},{"@type":"WebSite","@id":"https:\/\/tecnostatus.com\/cat\/#website","url":"https:\/\/tecnostatus.com\/cat\/","name":"TecnoStatus","description":"Ciutats sostenibles i agradables","publisher":{"@id":"https:\/\/tecnostatus.com\/cat\/#organization"},"potentialAction":[{"@type":"SearchAction","target":{"@type":"EntryPoint","urlTemplate":"https:\/\/tecnostatus.com\/cat\/?s={search_term_string}"},"query-input":{"@type":"PropertyValueSpecification","valueRequired":true,"valueName":"search_term_string"}}],"inLanguage":"ca"},{"@type":"Organization","@id":"https:\/\/tecnostatus.com\/cat\/#organization","name":"TecnoStatus","url":"https:\/\/tecnostatus.com\/cat\/","logo":{"@type":"ImageObject","inLanguage":"ca","@id":"https:\/\/tecnostatus.com\/cat\/#\/schema\/logo\/image\/","url":"https:\/\/tecnostatus.com\/cat\/wp-content\/uploads\/sites\/11\/2025\/05\/cropped-Logo-TS.png","contentUrl":"https:\/\/tecnostatus.com\/cat\/wp-content\/uploads\/sites\/11\/2025\/05\/cropped-Logo-TS.png","width":512,"height":512,"caption":"TecnoStatus"},"image":{"@id":"https:\/\/tecnostatus.com\/cat\/#\/schema\/logo\/image\/"}}]}},"uagb_featured_image_src":{"full":false,"thumbnail":false,"medium":false,"medium_large":false,"large":false,"1536x1536":false,"2048x2048":false},"uagb_author_info":{"display_name":"info@tecnostatus.com","author_link":"https:\/\/tecnostatus.com\/cat\/blog\/author\/ec7223gmail-com\/"},"uagb_comment_info":0,"uagb_excerpt":"www.tecnostatus.com\/cat Pol\u00edtica de Cookies L&#8217;acc\u00e9s a aquest Lloc Web pot implicar la utilitzaci\u00f3 de cookies. Les cookies s\u00f3n petites quantitats d&#8217;informaci\u00f3 que s&#8217;emmagatzemen en el navegador utilitzat per cada Usuari \u2014en els diversos dispositius que pugui utilitzar per navegar\u2014 perqu\u00e8 el servidor recordi certa informaci\u00f3 que posteriorment i \u00fanicament el servidor que la va implementar&hellip;","_links":{"self":[{"href":"https:\/\/tecnostatus.com\/cat\/wp-json\/wp\/v2\/pages\/1811","targetHints":{"allow":["GET"]}}],"collection":[{"href":"https:\/\/tecnostatus.com\/cat\/wp-json\/wp\/v2\/pages"}],"about":[{"href":"https:\/\/tecnostatus.com\/cat\/wp-json\/wp\/v2\/types\/page"}],"author":[{"embeddable":true,"href":"https:\/\/tecnostatus.com\/cat\/wp-json\/wp\/v2\/users\/1"}],"replies":[{"embeddable":true,"href":"https:\/\/tecnostatus.com\/cat\/wp-json\/wp\/v2\/comments?post=1811"}],"version-history":[{"count":9,"href":"https:\/\/tecnostatus.com\/cat\/wp-json\/wp\/v2\/pages\/1811\/revisions"}],"predecessor-version":[{"id":3123,"href":"https:\/\/tecnostatus.com\/cat\/wp-json\/wp\/v2\/pages\/1811\/revisions\/3123"}],"wp:attachment":[{"href":"https:\/\/tecnostatus.com\/cat\/wp-json\/wp\/v2\/media?parent=1811"}],"curies":[{"name":"wp","href":"https:\/\/api.w.org\/{rel}","templated":true}]}}