{"id":3,"date":"2025-03-19T11:03:06","date_gmt":"2025-03-19T11:03:06","guid":{"rendered":"http:\/\/tecnostatus.com\/cat\/?page_id=3"},"modified":"2025-11-14T19:06:55","modified_gmt":"2025-11-14T18:06:55","slug":"avis-legal","status":"publish","type":"page","link":"https:\/\/tecnostatus.com\/cat\/avis-legal\/","title":{"rendered":"Av\u00eds Legal"},"content":{"rendered":"\n<h4 class=\"wp-block-heading has-text-align-center\"><strong>AV\u00cdS LEGAL I CONDICIONS GENERALS D&#8217;\u00daS<\/strong><\/h4>\n\n\n\n<p class=\"has-text-align-center\"><strong>www.tecnostatus.com\/cat<\/strong><\/p>\n\n\n\n<p><strong>I. INFORMACI\u00d3 GENERAL<\/strong><\/p>\n\n\n\n<p>En compliment del deure d&#8217;informaci\u00f3 disposat en la Llei 34\/2002 de Serveis de la Societat de la Informaci\u00f3 i el Comer\u00e7 Electr\u00f2nic (LSSI-CE) d&#8217;11 de juliol, es facilita a continuaci\u00f3 les seg\u00fcents dades d&#8217;informaci\u00f3 general d&#8217;aquest lloc web:<\/p>\n\n\n\n<p>La titularitat d&#8217;aquest lloc web, www.tecnostatus.com, (en endavant, Lloc Web) l&#8217;ostenta: TECNOSTATUS S.L., prove\u00efda de NIF: B21930482 i inscrita en: Registre Mercantil de Barcelona amb les seg\u00fcents dades registrals: full 1 del tom\/I.R.U.S. 1000448714263, el representant de la qual \u00e9s: TECNOSTATUS S.L., i les dades de contacte de la qual s\u00f3n:<\/p>\n\n\n\n<p>Adre\u00e7a electr\u00f2nica de contacte: info@tecnostatus.com<\/p>\n\n\n\n<p><strong>II. TERMES I CONDICIONS GENERALS D&#8217;\u00daS<\/strong><\/p>\n\n\n\n<p><strong>L&#8217;objecte de les condicions: El Lloc Web<\/strong><br>L&#8217;objecte de les presents Condicions Generals d&#8217;\u00das (en endavant, Condicions) \u00e9s regular l&#8217;acc\u00e9s i la utilitzaci\u00f3 del Lloc Web. Als efectes de les presents Condicions s&#8217;entendr\u00e0 com a Lloc Web: l&#8217;aparen\u00e7a externa de les interf\u00edcies de pantalla, tant de forma est\u00e0tica com de forma din\u00e0mica, \u00e9s a dir, l&#8217;arbre de navegaci\u00f3; i tots els elements integrats tant en les interf\u00edcies de pantalla com en l&#8217;arbre de navegaci\u00f3 (en endavant, Continguts) i tots aquells serveis o recursos en l\u00ednia que en el seu cas ofereixi als Usuaris (en endavant, Serveis).<\/p>\n\n\n\n<p>Es reserva la facultat de modificar, en qualsevol moment, i sense av\u00eds previ, la presentaci\u00f3 i la configuraci\u00f3 del Lloc Web i dels Continguts i Serveis que en ell poguessin estar incorporats. L&#8217;Usuari reconeix i accepta que en qualsevol moment es pugui interrompre, desactivar i\/o cancel\u00b7lar qualsevol d&#8217;aquests elements que s&#8217;integren en el Lloc Web o l&#8217;acc\u00e9s als mateixos.<\/p>\n\n\n\n<p>L&#8217;acc\u00e9s al Lloc Web per l&#8217;Usuari t\u00e9 car\u00e0cter lliure i, per regla general, \u00e9s gratu\u00eft sense que l&#8217;Usuari hagi de proporcionar una contraprestaci\u00f3 per poder gaudir-ne, excepte en all\u00f2 relatiu al cost de connexi\u00f3 a trav\u00e9s de la xarxa de telecomunicacions subministrada pel prove\u00efdor d&#8217;acc\u00e9s que hagu\u00e9s contractat l&#8217;Usuari.<\/p>\n\n\n\n<p>A part del cost de connexi\u00f3 a trav\u00e9s de la xarxa de telecomunicacions subministrada pel prove\u00efdor d&#8217;acc\u00e9s, i que hagu\u00e9s contractat l&#8217;Usuari, alguns dels Continguts o Serveis oferts per o, en el seu cas, tercers a trav\u00e9s del Lloc Web es poden trobar subjectes a la contractaci\u00f3 pr\u00e8via del Contingut o Servei, en qual cas s&#8217;especificar\u00e0 de forma clara i\/o es posar\u00e0 a disposici\u00f3 de l&#8217;Usuari les corresponents Condicions Generals o Particulars per les quals aix\u00f2 es rigui.<\/p>\n\n\n\n<p>La utilitzaci\u00f3 d&#8217;alguns dels Continguts o Serveis del Lloc Web es podr\u00e0 fer mitjan\u00e7ant la subscripci\u00f3 o registre previ de l&#8217;Usuari.<\/p>\n\n\n\n<p>La utilitzaci\u00f3 dels Continguts no requereix pr\u00e8via subscripci\u00f3 o registre algun.<\/p>\n\n\n\n<p><strong>L&#8217;Usuari<\/strong><br>L&#8217;acc\u00e9s, la navegaci\u00f3 i l&#8217;\u00fas del Lloc Web, aix\u00ed com pels espais habilitats per interactuar entre els Usuaris, i l&#8217;Usuari i , com els comentaris i\/o espais de blog, atorga la condici\u00f3 d&#8217;Usuari, per la qual cosa s&#8217;accepten, des que s&#8217;inicia la navegaci\u00f3 pel Lloc Web, totes les Condicions aqu\u00ed establertes, aix\u00ed com les seves ulteriors modificacions, sense perjudici de l&#8217;aplicaci\u00f3 de la corresponent normativa legal d&#8217;obligat compliment segons el cas. Donada la rellev\u00e0ncia de l&#8217;anterior, es recomana a l&#8217;Usuari llegir-les cada vegada que visiti el Lloc Web.<\/p>\n\n\n\n<p>El Lloc Web de proporciona una gran diversitat d&#8217;informaci\u00f3, serveis i dades. L&#8217;Usuari assumeix la seva responsabilitat per realitzar un \u00fas correcte del Lloc Web. Aquesta responsabilitat s&#8217;estendr\u00e0 a:<\/p>\n\n\n\n<ul class=\"wp-block-list\">\n<li>Un \u00fas de la informaci\u00f3, Continguts i\/o Serveis i dades oferts per sense que sigui contrari al disposat per les presents Condicions, la Llei, la moral o l&#8217;ordre p\u00fablic, o que de qualsevol altre mode puguin suposar lesi\u00f3 dels drets de tercers o del mateix funcionament del Lloc Web.<\/li>\n\n\n\n<li>La veracitat i licitud de les informacions aportades per l&#8217;Usuari en els formularis estesos per per a l&#8217;acc\u00e9s a certs Continguts o Serveis oferts pel Lloc Web. En tot cas, l&#8217;Usuari notificar\u00e0 de forma immediata a sobre de qualsevol fet que permeti l&#8217;\u00fas indegut de la informaci\u00f3 registrada en aquests formularis, tals com, per\u00f2 no nom\u00e9s, el robatori, extraviament, o l&#8217;acc\u00e9s no autoritzat a identificadors i\/o contrasenyes, amb la finalitat de procedir a la seva immediata cancel\u00b7laci\u00f3.<\/li>\n<\/ul>\n\n\n\n<p>Es reserva el dret de retirar tots aquells comentaris i aportacions que vulnerin la llei, el respecte a la dignitat de la persona, que siguin discriminatoris, xen\u00f2fobs, racistes, pornogr\u00e0fics, spamming, que atemptin contra la joventut o la inf\u00e0ncia, l&#8217;ordre o la seguretat p\u00fablica o que, al seu judici, no resultessin adequats per a la seva publicaci\u00f3.<\/p>\n\n\n\n<p>En qualsevol cas, no ser\u00e0 responsable de les opinions abocades pels Usuaris a trav\u00e9s de comentaris o altres eines de blog o de participaci\u00f3 que pugui haver.<\/p>\n\n\n\n<p>El mer acc\u00e9s a aquest Lloc Web no suposa entaular cap tipus de relaci\u00f3 de car\u00e0cter comercial entre i l&#8217;Usuari.<\/p>\n\n\n\n<p>L&#8217;Usuari declara ser major d&#8217;edat i disposar de la capacitat jur\u00eddica suficient per vincular-se per les presents Condicions. Per tant, aquest Lloc Web de no s&#8217;adre\u00e7a a menors d&#8217;edat. Declina qualsevol responsabilitat per l&#8217;incompliment d&#8217;aquest requisit.<\/p>\n\n\n\n<p>Sempre en el respecte de la legislaci\u00f3 vigent, aquest Lloc Web de s&#8217;adre\u00e7a a totes les persones, sense importar la seva edat, que puguin accedir i\/o navegar per les p\u00e0gines del Lloc Web.<\/p>\n\n\n\n<p>El Lloc Web est\u00e0 dirigit principalment a Usuaris residents a Espanya. no assegura que el Lloc Web compleixi amb legislacions d&#8217;altres pa\u00efsos, ja sigui total o parcialment. Si l&#8217;Usuari resideix o t\u00e9 el seu domiciliat en un altre lloc i decideix accedir i\/o navegar en el Lloc Web ho far\u00e0 sota la seva pr\u00f2pia responsabilitat, haur\u00e0 d&#8217;assegurar-se que tal acc\u00e9s i navegaci\u00f3 compleix amb la legislaci\u00f3 local que li \u00e9s aplicable, no assumint responsabilitat alguna que se&#8217;n pugui derivar d&#8217;aquest acc\u00e9s.<\/p>\n\n\n\n<p><strong>III. ACC\u00c9S I NAVEGACI\u00d3 EN EL LLOC WEB: EXCLUSI\u00d3 DE GARANTIES I RESPONSABILITAT<\/strong><\/p>\n\n\n\n<p>No garanteix la continu\u00eftat, disponibilitat i utilitat del Lloc Web, ni dels Continguts o Serveis. Far\u00e0 tot el possible pel bon funcionament del Lloc Web, per\u00f2, no es responsabilitza ni garanteix que l&#8217;acc\u00e9s a aquest Lloc Web no hagi de ser ininterromput o que estigui lliure d&#8217;error.<\/p>\n\n\n\n<p>Tampoc no es responsabilitza o garanteix que el contingut o programari al qual es pugui accedir a trav\u00e9s d&#8217;aquest Lloc Web, estigui lliure d&#8217;error o causi un dany al sistema inform\u00e0tic (programari i maquinari) de l&#8217;Usuari. En cap cas ser\u00e0 responsable de les p\u00e8rdues, danys o perjudicis de qualsevol tipus que sorgeixin per l&#8217;acc\u00e9s, navegaci\u00f3 i l&#8217;\u00fas del Lloc Web, incloent-se, per\u00f2 no limitant-se, als ocasionats als sistemes inform\u00e0tics o els provocats per la introducci\u00f3 de virus.<\/p>\n\n\n\n<p>Tampoc no es fa responsable dels danys que poguessin ocasionar-se als usuaris per un \u00fas inadequat d&#8217;aquest Lloc Web. En particular, no es fa responsable en mode algun de les caigudes, interrupcions, manca o defecte de les telecomunicacions que poguessin oc\u00f3rrer.<\/p>\n\n\n\n<p><strong>IV. POL\u00cdTICA D&#8217;ENLLA\u00c7OS<\/strong><\/p>\n\n\n\n<p>S&#8217;informa que el Lloc Web de posa o pot posar a disposici\u00f3 dels Usuaris mitjans d&#8217;enlla\u00e7 (com, entre d&#8217;altres, enlla\u00e7os, b\u00e0ners, botons), directoris i motors de cerca que permeten als Usuaris accedir a llocs web pertanyents i\/o gestionats per tercers.<\/p>\n\n\n\n<p>La instal\u00b7laci\u00f3 d&#8217;aquests enlla\u00e7os, directoris i motors de cerca en el Lloc Web t\u00e9 per objecte facilitar als Usuaris la cerca de i l&#8217;acc\u00e9s a la informaci\u00f3 disponible a Internet, sense que es pugui considerar una suggeriment, recomanaci\u00f3 o invitaci\u00f3 per a la visita dels mateixos.<\/p>\n\n\n\n<p>No ofereix ni comercialitza per si ni per mitj\u00e0 de tercers els productes i\/o serveis disponibles en aquests llocs enlla\u00e7ats.<\/p>\n\n\n\n<p>Ofereix continguts patrocinats, anuncis i\/o enlla\u00e7os d&#8217;afiliats. La informaci\u00f3 que apareix en aquests enlla\u00e7os d&#8217;afiliats o els anuncis inserits, s\u00f3n facilitats pels propis anunciants, per la qual cosa no es fa responsable de possibles inexactituds o errors que poguessin contenir els anuncis, ni garanteix en mode algun l&#8217;experi\u00e8ncia, integritat o responsabilitat dels anunciants o la qualitat dels seus productes i\/o serveis.<\/p>\n\n\n\n<p>Aix\u00ed mateix, tampoc no garantir\u00e0 la disponibilitat t\u00e8cnica, exactitud, veracitat, validesa o legalitat de llocs aliens a la seva propietat als quals es pugui accedir per mitj\u00e0 dels enlla\u00e7os.<\/p>\n\n\n\n<p>En cap cas revisar\u00e0 o controlar\u00e0 el contingut d&#8217;altres llocs web, aix\u00ed com tampoc no aprova, examina ni fa propis els productes i serveis, continguts, arxius i qualsevol altre material existent en els referits llocs enlla\u00e7ats.<\/p>\n\n\n\n<p>No assumeix cap responsabilitat pels danys i perjudicis que poguessin produir-se per l&#8217;acc\u00e9s, \u00fas, qualitat o licitud dels continguts, comunicacions, opinions, productes i serveis dels llocs web no gestionats per i que estiguin enlla\u00e7ats en aquest Lloc Web.<\/p>\n\n\n\n<p>L&#8217;Usuari o tercer que realitzi un hiperenlla\u00e7 des d&#8217;una p\u00e0gina web d&#8217;un altre, diferent, lloc web al Lloc Web de haur\u00e0 de saber que:<\/p>\n\n\n\n<ul class=\"wp-block-list\">\n<li>No es permet la reproducci\u00f3 \u2014total o parcialment\u2014 de cap dels Continguts i\/o Serveis del Lloc Web sense autoritzaci\u00f3 expressa de .<\/li>\n\n\n\n<li>No es permet tampoc cap manifestaci\u00f3 falsa, inexacta o incorrecta sobre el Lloc Web de , ni sobre els Continguts i\/o Serveis del mateix.<\/li>\n\n\n\n<li>A excepci\u00f3 de l&#8217;hiperenlla\u00e7, el lloc web en el qual s&#8217;estableixi aquest hiperenlla\u00e7 no contindr\u00e0 cap element, d&#8217;aquest Lloc Web, protegit com a propietat intel\u00b7lectual per l&#8217;ordenament jur\u00eddic espanyol, llevat d&#8217;autoritzaci\u00f3 expressa de .<\/li>\n\n\n\n<li>L&#8217;establiment de l&#8217;hiperenlla\u00e7 no implicar\u00e0 l&#8217;exist\u00e8ncia de relacions entre i el titular del lloc web des del qual es realitzi, ni el coneixement i l&#8217;acceptaci\u00f3 de dels continguts, serveis i\/o activitats ofertes en aquest lloc web, i viceversa.<\/li>\n<\/ul>\n\n\n\n<p><strong>V. PROPIETAT INTEL\u00b7LECTUAL<\/strong><\/p>\n\n\n\n<p>Per si o com a part cesson\u00e0ria, \u00e9s titular de tots els drets de propietat intel\u00b7lectual i industrial del Lloc Web, aix\u00ed com dels elements continguts en el mateix (a t\u00edtol enunciatiu i no exhaustiu, imatges, so, \u00e0udio, v\u00eddeo, programari o textos, marques o logotips, combinacions de colors, estructura i disseny, selecci\u00f3 de materials usats, programes d&#8217;ordinador necessaris per al seu funcionament, acc\u00e9s i \u00fas, etc.). Seran, per conseg\u00fcent, obres protegides com a propietat intel\u00b7lectual per l&#8217;ordenament jur\u00eddic espanyol, essent-los aplicables tant la normativa espanyola i comunit\u00e0ria en aquest camp, com els tractats internacionals relatius a la mat\u00e8ria i signats per Espanya.<\/p>\n\n\n\n<p>Tots els drets reservats. En virtut del disposat en la Llei de Propietat Intel\u00b7lectual, queden expressament prohibides la reproducci\u00f3, la distribuci\u00f3 i la comunicaci\u00f3 p\u00fablica, inclosa la seva modalitat de posada a disposici\u00f3, de la totalitat o part dels continguts d&#8217;aquesta p\u00e0gina web, amb finalitats comercials, en qualsevol suport i per qualsevol mitj\u00e0 t\u00e8cnic, sense l&#8217;autoritzaci\u00f3 de .<\/p>\n\n\n\n<p>L&#8217;Usuari es compromet a respectar els drets de propietat intel\u00b7lectual i industrial de www.tecnostatus.com. Podr\u00e0 visualitzar els elements del Lloc Web o fins i tot imprimir-los, copiar-los i emmagatzemar-los en el disc dur del seu ordinador o en qualsevol altre suport f\u00edsic sempre i quan sigui, exclusivament, per al seu \u00fas personal. L&#8217;Usuari, per\u00f2, no podr\u00e0 suprimir, alterar, o manipular qualsevol dispositiu de protecci\u00f3 o sistema de seguretat que estigu\u00e9s instal\u00b7lat en el Lloc Web.<\/p>\n\n\n\n<p>En cas que l&#8217;Usuari o tercer consideri que qualsevol dels Continguts del Lloc Web suposi una violaci\u00f3 dels drets de protecci\u00f3 de la propietat intel\u00b7lectual, haur\u00e0 de comunicar-ho immediatament a a trav\u00e9s de les dades de contacte de l&#8217;apartat d&#8217;INFORMACI\u00d3 GENERAL d&#8217;aquest Av\u00eds Legal i Condicions Generals d&#8217;\u00das.<\/p>\n\n\n\n<p><strong>VI. PROPIETAT INDUSTRIAL<\/strong><\/p>\n\n\n\n<p>El dispositiu anunciat en aquest Lloc Web est\u00e0 protegit per drets de propietat industrial titularitat de Tecnostatus S.L., trobant-se registrat com a model d&#8217;utilitat concedit a Espanya. Aix\u00ed mateix, la invenci\u00f3 ha estat objecte de tramitaci\u00f3 internacional conforme al Tractat de Cooperaci\u00f3 en mat\u00e8ria de Patents (PCT), havent rebut dictamen favorable en tots els seus aspectes.<\/p>\n\n\n\n<p>Queden reservats tots els drets relatius a la invenci\u00f3, disseny, estructura funcional, tecnologia aplicada i elements associats al dispositiu, fins i tot quan estiguin representats de forma esquem\u00e0tica o descriptiva en aquest Lloc Web.<\/p>\n\n\n\n<p>Es prohibeix expressament la reproducci\u00f3, c\u00f2pia, enginyeria inversa, explotaci\u00f3 comercial o divulgaci\u00f3 t\u00e8cnica d&#8217;aquesta invenci\u00f3 sense autoritzaci\u00f3 pr\u00e8via i per escrit de Tecnostatus S.L., conforme a la normativa vigent en mat\u00e8ria de propietat industrial.<\/p>\n\n\n\n<p>L&#8217;\u00fas no autoritzat d&#8217;aquesta tecnologia podr\u00e0 donar lloc a responsabilitats civils, administratives o penals, segons el previst en la Llei 24\/2015, de Patents, i la dem\u00e9s normativa aplicable a nivell nacional i internacional.<\/p>\n\n\n\n<p><strong>VII. ACCIONS LEGALS, LEGISLACI\u00d3 APLICABLE I JURISDICCI\u00d3<\/strong><\/p>\n\n\n\n<p>Es reserva la facultat de presentar les accions civils o penals que consideri necess\u00e0ries per la utilitzaci\u00f3 indeguda del Lloc Web i Continguts, o per l&#8217;incompliment de les presents Condicions.<\/p>\n\n\n\n<p>La relaci\u00f3 entre l&#8217;Usuari i es regir\u00e0 per la normativa vigent i d&#8217;aplicaci\u00f3 en el territori espanyol. Si sorgeix qualsevol controv\u00e8rsia en relaci\u00f3 amb la interpretaci\u00f3 i\/o a l&#8217;aplicaci\u00f3 d&#8217;aquestes Condicions les parts sotmetran els seus conflictes a la jurisdicci\u00f3 ordin\u00e0ria sotmetent-se als jutges i tribunals que corresponguin conforme a dret.<\/p>\n","protected":false},"excerpt":{"rendered":"<p>AV\u00cdS LEGAL I CONDICIONS GENERALS D&#8217;\u00daS www.tecnostatus.com\/cat I. INFORMACI\u00d3 GENERAL En compliment del deure d&#8217;informaci\u00f3 disposat en la Llei 34\/2002 de Serveis de la Societat de la Informaci\u00f3 i el Comer\u00e7 Electr\u00f2nic (LSSI-CE) d&#8217;11 de juliol, es facilita a continuaci\u00f3 les seg\u00fcents dades d&#8217;informaci\u00f3 general d&#8217;aquest lloc web: La titularitat d&#8217;aquest lloc web, www.tecnostatus.com, (en [&hellip;]<\/p>\n","protected":false},"author":1,"featured_media":0,"parent":0,"menu_order":7,"comment_status":"closed","ping_status":"closed","template":"","meta":{"_uag_custom_page_level_css":"","footnotes":""},"class_list":["post-3","page","type-page","status-publish","hentry"],"blocksy_meta":[],"yoast_head":"<!-- This site is optimized with the Yoast SEO plugin v27.5 - https:\/\/yoast.com\/product\/yoast-seo-wordpress\/ -->\n<title>Av\u00eds Legal - TecnoStatus<\/title>\n<meta name=\"robots\" content=\"noindex, follow\" \/>\n<meta property=\"og:locale\" content=\"ca_ES\" \/>\n<meta property=\"og:type\" content=\"article\" \/>\n<meta property=\"og:title\" content=\"Av\u00eds Legal - TecnoStatus\" \/>\n<meta property=\"og:description\" content=\"AV\u00cdS LEGAL I CONDICIONS GENERALS D&#8217;\u00daS www.tecnostatus.com\/cat I. INFORMACI\u00d3 GENERAL En compliment del deure d&#8217;informaci\u00f3 disposat en la Llei 34\/2002 de Serveis de la Societat de la Informaci\u00f3 i el Comer\u00e7 Electr\u00f2nic (LSSI-CE) d&#8217;11 de juliol, es facilita a continuaci\u00f3 les seg\u00fcents dades d&#8217;informaci\u00f3 general d&#8217;aquest lloc web: La titularitat d&#8217;aquest lloc web, www.tecnostatus.com, (en [&hellip;]\" \/>\n<meta property=\"og:url\" content=\"https:\/\/tecnostatus.com\/cat\/avis-legal\/\" \/>\n<meta property=\"og:site_name\" content=\"TecnoStatus\" \/>\n<meta property=\"article:modified_time\" content=\"2025-11-14T18:06:55+00:00\" \/>\n<meta name=\"twitter:card\" content=\"summary_large_image\" \/>\n<meta name=\"twitter:label1\" content=\"Temps estimat de lectura\" \/>\n\t<meta name=\"twitter:data1\" content=\"12 minuts\" \/>\n<script type=\"application\/ld+json\" class=\"yoast-schema-graph\">{\"@context\":\"https:\\\/\\\/schema.org\",\"@graph\":[{\"@type\":\"WebPage\",\"@id\":\"https:\\\/\\\/tecnostatus.com\\\/cat\\\/avis-legal\\\/\",\"url\":\"https:\\\/\\\/tecnostatus.com\\\/cat\\\/avis-legal\\\/\",\"name\":\"Av\u00eds Legal - TecnoStatus\",\"isPartOf\":{\"@id\":\"https:\\\/\\\/tecnostatus.com\\\/cat\\\/#website\"},\"datePublished\":\"2025-03-19T11:03:06+00:00\",\"dateModified\":\"2025-11-14T18:06:55+00:00\",\"breadcrumb\":{\"@id\":\"https:\\\/\\\/tecnostatus.com\\\/cat\\\/avis-legal\\\/#breadcrumb\"},\"inLanguage\":\"ca\",\"potentialAction\":[{\"@type\":\"ReadAction\",\"target\":[\"https:\\\/\\\/tecnostatus.com\\\/cat\\\/avis-legal\\\/\"]}]},{\"@type\":\"BreadcrumbList\",\"@id\":\"https:\\\/\\\/tecnostatus.com\\\/cat\\\/avis-legal\\\/#breadcrumb\",\"itemListElement\":[{\"@type\":\"ListItem\",\"position\":1,\"name\":\"Portada\",\"item\":\"https:\\\/\\\/tecnostatus.com\\\/cat\\\/\"},{\"@type\":\"ListItem\",\"position\":2,\"name\":\"Av\u00eds Legal\"}]},{\"@type\":\"WebSite\",\"@id\":\"https:\\\/\\\/tecnostatus.com\\\/cat\\\/#website\",\"url\":\"https:\\\/\\\/tecnostatus.com\\\/cat\\\/\",\"name\":\"TecnoStatus\",\"description\":\"Ciutats sostenibles i agradables\",\"publisher\":{\"@id\":\"https:\\\/\\\/tecnostatus.com\\\/cat\\\/#organization\"},\"potentialAction\":[{\"@type\":\"SearchAction\",\"target\":{\"@type\":\"EntryPoint\",\"urlTemplate\":\"https:\\\/\\\/tecnostatus.com\\\/cat\\\/?s={search_term_string}\"},\"query-input\":{\"@type\":\"PropertyValueSpecification\",\"valueRequired\":true,\"valueName\":\"search_term_string\"}}],\"inLanguage\":\"ca\"},{\"@type\":\"Organization\",\"@id\":\"https:\\\/\\\/tecnostatus.com\\\/cat\\\/#organization\",\"name\":\"TecnoStatus\",\"url\":\"https:\\\/\\\/tecnostatus.com\\\/cat\\\/\",\"logo\":{\"@type\":\"ImageObject\",\"inLanguage\":\"ca\",\"@id\":\"https:\\\/\\\/tecnostatus.com\\\/cat\\\/#\\\/schema\\\/logo\\\/image\\\/\",\"url\":\"https:\\\/\\\/tecnostatus.com\\\/cat\\\/wp-content\\\/uploads\\\/sites\\\/11\\\/2025\\\/05\\\/cropped-Logo-TS.png\",\"contentUrl\":\"https:\\\/\\\/tecnostatus.com\\\/cat\\\/wp-content\\\/uploads\\\/sites\\\/11\\\/2025\\\/05\\\/cropped-Logo-TS.png\",\"width\":512,\"height\":512,\"caption\":\"TecnoStatus\"},\"image\":{\"@id\":\"https:\\\/\\\/tecnostatus.com\\\/cat\\\/#\\\/schema\\\/logo\\\/image\\\/\"}}]}<\/script>\n<!-- \/ Yoast SEO plugin. -->","yoast_head_json":{"title":"Av\u00eds Legal - TecnoStatus","robots":{"index":"noindex","follow":"follow"},"og_locale":"ca_ES","og_type":"article","og_title":"Av\u00eds Legal - TecnoStatus","og_description":"AV\u00cdS LEGAL I CONDICIONS GENERALS D&#8217;\u00daS www.tecnostatus.com\/cat I. INFORMACI\u00d3 GENERAL En compliment del deure d&#8217;informaci\u00f3 disposat en la Llei 34\/2002 de Serveis de la Societat de la Informaci\u00f3 i el Comer\u00e7 Electr\u00f2nic (LSSI-CE) d&#8217;11 de juliol, es facilita a continuaci\u00f3 les seg\u00fcents dades d&#8217;informaci\u00f3 general d&#8217;aquest lloc web: La titularitat d&#8217;aquest lloc web, www.tecnostatus.com, (en [&hellip;]","og_url":"https:\/\/tecnostatus.com\/cat\/avis-legal\/","og_site_name":"TecnoStatus","article_modified_time":"2025-11-14T18:06:55+00:00","twitter_card":"summary_large_image","twitter_misc":{"Temps estimat de lectura":"12 minuts"},"schema":{"@context":"https:\/\/schema.org","@graph":[{"@type":"WebPage","@id":"https:\/\/tecnostatus.com\/cat\/avis-legal\/","url":"https:\/\/tecnostatus.com\/cat\/avis-legal\/","name":"Av\u00eds Legal - TecnoStatus","isPartOf":{"@id":"https:\/\/tecnostatus.com\/cat\/#website"},"datePublished":"2025-03-19T11:03:06+00:00","dateModified":"2025-11-14T18:06:55+00:00","breadcrumb":{"@id":"https:\/\/tecnostatus.com\/cat\/avis-legal\/#breadcrumb"},"inLanguage":"ca","potentialAction":[{"@type":"ReadAction","target":["https:\/\/tecnostatus.com\/cat\/avis-legal\/"]}]},{"@type":"BreadcrumbList","@id":"https:\/\/tecnostatus.com\/cat\/avis-legal\/#breadcrumb","itemListElement":[{"@type":"ListItem","position":1,"name":"Portada","item":"https:\/\/tecnostatus.com\/cat\/"},{"@type":"ListItem","position":2,"name":"Av\u00eds Legal"}]},{"@type":"WebSite","@id":"https:\/\/tecnostatus.com\/cat\/#website","url":"https:\/\/tecnostatus.com\/cat\/","name":"TecnoStatus","description":"Ciutats sostenibles i agradables","publisher":{"@id":"https:\/\/tecnostatus.com\/cat\/#organization"},"potentialAction":[{"@type":"SearchAction","target":{"@type":"EntryPoint","urlTemplate":"https:\/\/tecnostatus.com\/cat\/?s={search_term_string}"},"query-input":{"@type":"PropertyValueSpecification","valueRequired":true,"valueName":"search_term_string"}}],"inLanguage":"ca"},{"@type":"Organization","@id":"https:\/\/tecnostatus.com\/cat\/#organization","name":"TecnoStatus","url":"https:\/\/tecnostatus.com\/cat\/","logo":{"@type":"ImageObject","inLanguage":"ca","@id":"https:\/\/tecnostatus.com\/cat\/#\/schema\/logo\/image\/","url":"https:\/\/tecnostatus.com\/cat\/wp-content\/uploads\/sites\/11\/2025\/05\/cropped-Logo-TS.png","contentUrl":"https:\/\/tecnostatus.com\/cat\/wp-content\/uploads\/sites\/11\/2025\/05\/cropped-Logo-TS.png","width":512,"height":512,"caption":"TecnoStatus"},"image":{"@id":"https:\/\/tecnostatus.com\/cat\/#\/schema\/logo\/image\/"}}]}},"uagb_featured_image_src":{"full":false,"thumbnail":false,"medium":false,"medium_large":false,"large":false,"1536x1536":false,"2048x2048":false},"uagb_author_info":{"display_name":"info@tecnostatus.com","author_link":"https:\/\/tecnostatus.com\/cat\/blog\/author\/ec7223gmail-com\/"},"uagb_comment_info":0,"uagb_excerpt":"AV\u00cdS LEGAL I CONDICIONS GENERALS D&#8217;\u00daS www.tecnostatus.com\/cat I. INFORMACI\u00d3 GENERAL En compliment del deure d&#8217;informaci\u00f3 disposat en la Llei 34\/2002 de Serveis de la Societat de la Informaci\u00f3 i el Comer\u00e7 Electr\u00f2nic (LSSI-CE) d&#8217;11 de juliol, es facilita a continuaci\u00f3 les seg\u00fcents dades d&#8217;informaci\u00f3 general d&#8217;aquest lloc web: La titularitat d&#8217;aquest lloc web, www.tecnostatus.com, (en&hellip;","_links":{"self":[{"href":"https:\/\/tecnostatus.com\/cat\/wp-json\/wp\/v2\/pages\/3","targetHints":{"allow":["GET"]}}],"collection":[{"href":"https:\/\/tecnostatus.com\/cat\/wp-json\/wp\/v2\/pages"}],"about":[{"href":"https:\/\/tecnostatus.com\/cat\/wp-json\/wp\/v2\/types\/page"}],"author":[{"embeddable":true,"href":"https:\/\/tecnostatus.com\/cat\/wp-json\/wp\/v2\/users\/1"}],"replies":[{"embeddable":true,"href":"https:\/\/tecnostatus.com\/cat\/wp-json\/wp\/v2\/comments?post=3"}],"version-history":[{"count":7,"href":"https:\/\/tecnostatus.com\/cat\/wp-json\/wp\/v2\/pages\/3\/revisions"}],"predecessor-version":[{"id":3119,"href":"https:\/\/tecnostatus.com\/cat\/wp-json\/wp\/v2\/pages\/3\/revisions\/3119"}],"wp:attachment":[{"href":"https:\/\/tecnostatus.com\/cat\/wp-json\/wp\/v2\/media?parent=3"}],"curies":[{"name":"wp","href":"https:\/\/api.w.org\/{rel}","templated":true}]}}