{"id":962,"date":"2025-04-22T09:40:24","date_gmt":"2025-04-22T07:40:24","guid":{"rendered":"https:\/\/tecnostatus.com\/cat\/faqs\/"},"modified":"2026-01-09T19:39:03","modified_gmt":"2026-01-09T18:39:03","slug":"faqs","status":"publish","type":"page","link":"https:\/\/tecnostatus.com\/cat\/faqs\/","title":{"rendered":"FAQs"},"content":{"rendered":"\n<div class=\"wp-block-uagb-advanced-heading uagb-block-1a4deb84\"><h2 class=\"uagb-heading-text\">Preguntes Freq\u00fcents (FAQs)<\/h2><\/div>\n\n\n\n<p class=\"has-text-align-left\">A la nostra secci\u00f3 de Preguntes Freq\u00fcents, trobar\u00e0s informaci\u00f3 clau sobre el nostre dispositiu de protecci\u00f3 urbana, la seva instal\u00b7laci\u00f3, manteniment i optimitzaci\u00f3. Tamb\u00e9 t\u2019expliquem els fonaments legals de l\u2019\u00fas del nostre dispositiu i et mantindrem al corrent de les \u00faltimes novetats.<\/p>\n\n\n\n<div class=\"wp-block-stackable-columns stk-block-columns stk-block stk-1730853\" data-block-id=\"1730853\"><div class=\"stk-row stk-inner-blocks stk-block-content stk-content-align stk-1730853-column\">\n<div class=\"wp-block-stackable-column stk-block-column stk-column stk-block stk-cf60c13\" data-v=\"4\" data-block-id=\"cf60c13\"><div class=\"stk-column-wrapper stk-block-column__content stk-container stk-cf60c13-container stk--no-background stk--no-padding\"><div class=\"stk-block-content stk-inner-blocks stk-cf60c13-inner-blocks\"><div class=\"wp-block-uagb-faq uagb-faq__outer-wrap uagb-block-d8336e03 uagb-faq-icon-row uagb-faq-layout-accordion uagb-faq-expand-first-true uagb-faq-inactive-other-true uagb-faq__wrap uagb-buttons-layout-wrap uagb-faq-equal-height     \" data-faqtoggle=\"true\" role=\"tablist\"><div class=\"wp-block-uagb-faq-child uagb-faq-child__outer-wrap uagb-faq-item uagb-block-ca1f8cb5 \" role=\"tab\" tabindex=\"0\"><div class=\"uagb-faq-questions-button uagb-faq-questions\">\t\t\t<span class=\"uagb-icon uagb-faq-icon-wrap\">\n\t\t\t\t\t\t\t\t<svg xmlns=\"https:\/\/www.w3.org\/2000\/svg\" viewBox= \"0 0 448 512\"><path d=\"M432 256c0 17.69-14.33 32.01-32 32.01H256v144c0 17.69-14.33 31.99-32 31.99s-32-14.3-32-31.99v-144H48c-17.67 0-32-14.32-32-32.01s14.33-31.99 32-31.99H192v-144c0-17.69 14.33-32.01 32-32.01s32 14.32 32 32.01v144h144C417.7 224 432 238.3 432 256z\"><\/path><\/svg>\n\t\t\t\t\t\t\t<\/span>\n\t\t\t\t\t\t<span class=\"uagb-icon-active uagb-faq-icon-wrap\">\n\t\t\t\t\t\t\t\t<svg xmlns=\"https:\/\/www.w3.org\/2000\/svg\" viewBox= \"0 0 448 512\"><path d=\"M400 288h-352c-17.69 0-32-14.32-32-32.01s14.31-31.99 32-31.99h352c17.69 0 32 14.3 32 31.99S417.7 288 400 288z\"><\/path><\/svg>\n\t\t\t\t\t\t\t<\/span>\n\t\t\t<h6 class=\"uagb-question\">\u00bfQu\u00e8 \u00e9s un dispositiu de protecci\u00f3 urbana?<\/h6><\/div><div class=\"uagb-faq-content\"><p>El dispositiu de protecci\u00f3 urbana consta d\u2019una unitat de control equipada amb bateria recarregable i placa solar, i es complementa amb una o diverses l\u00e0mines protectores, segons la necessitat, i cables de connexi\u00f3. Aquestes l\u00e0mines estan espec\u00edficament dissenyades per evitar, segons el cas, que els gossos orinin en determinades zones o que les aus es posin i embrutin finestres, balcons, cornises o altres elements arquitect\u00f2nics. El dispositiu funciona amb energia solar o piles i es pot controlar c\u00f2modament mitjan\u00e7ant una aplicaci\u00f3 m\u00f2bil des d\u2019un smartphone. <br>Per comprendre millor el seu funcionament, posem a la teva disposici\u00f3 v\u00eddeos breus explicatius a la nostra p\u00e0gina d\u2019inici. En adquirir el dispositiu, podr\u00e0s triar el tipus i la quantitat de l\u00e0mines protectores que millor s\u2019adaptin al teu cas: contra miccions canines, contra aus, o ambdues. <br>El dispositiu no reacciona als contactes accidentals amb la placa protectora, ni a la pluja, la neu o altres objectes externs que puguin adherir-se temporalment a la superf\u00edcie (fulles, herba, etc.).  <br>Estem treballant per oferir-te encara m\u00e9s informaci\u00f3, exemples reals i consells pr\u00e0ctics molt aviat.<\/p><\/div><\/div><div class=\"wp-block-uagb-faq-child uagb-faq-child__outer-wrap uagb-faq-item uagb-block-a2b27efb \" role=\"tab\" tabindex=\"0\"><div class=\"uagb-faq-questions-button uagb-faq-questions\">\t\t\t<span class=\"uagb-icon uagb-faq-icon-wrap\">\n\t\t\t\t\t\t\t\t<svg xmlns=\"https:\/\/www.w3.org\/2000\/svg\" viewBox= \"0 0 448 512\"><path d=\"M432 256c0 17.69-14.33 32.01-32 32.01H256v144c0 17.69-14.33 31.99-32 31.99s-32-14.3-32-31.99v-144H48c-17.67 0-32-14.32-32-32.01s14.33-31.99 32-31.99H192v-144c0-17.69 14.33-32.01 32-32.01s32 14.32 32 32.01v144h144C417.7 224 432 238.3 432 256z\"><\/path><\/svg>\n\t\t\t\t\t\t\t<\/span>\n\t\t\t\t\t\t<span class=\"uagb-icon-active uagb-faq-icon-wrap\">\n\t\t\t\t\t\t\t\t<svg xmlns=\"https:\/\/www.w3.org\/2000\/svg\" viewBox= \"0 0 448 512\"><path d=\"M400 288h-352c-17.69 0-32-14.32-32-32.01s14.31-31.99 32-31.99h352c17.69 0 32 14.3 32 31.99S417.7 288 400 288z\"><\/path><\/svg>\n\t\t\t\t\t\t\t<\/span>\n\t\t\t<h6 class=\"uagb-question\">\u00bf\u00c9s nociu o perill\u00f3s per als animals?<\/h6><\/div><div class=\"uagb-faq-content\"><p>El dispositiu de protecci\u00f3 urbana no \u00e9s nociu, ni \u00e9s perill\u00f3s per als animals, ja que empra una estimulaci\u00f3 el\u00e8ctrica de baixa intensitat, imperceptible al tacte, ja que la seva pot\u00e8ncia \u00e9s inferior a la pot\u00e8ncia d\u2019una petita pila de mida AAA i est\u00e0 per sota del llindar de dolor o de la possibilitat de qualsevol perill. No obstant aix\u00f2, zones mucoses com la boca o el canal urinari amb terminacions nervioses m\u00e9s exposades poden percebre un lleu formigueig o picor en entrar en contacte directe (per exemple, en orinar sobre la l\u00e0mina protectora o llepar-la). En el cas de les aus, la seva escassa massa corporal fa que siguin m\u00e9s sensibles a l\u2019estimulaci\u00f3, sentint aquesta mateixa sensaci\u00f3 en posar-se. Els gossos, gr\u00e0cies a la seva capacitat d\u2019aprenentatge associatiu, memoritzen la mol\u00e8stia i eviten repetir l\u2019acci\u00f3, redirigint les seves necessitats cap a llocs adequats (com pipi-can o clavegueres). Aix\u00ed, el sistema crea un patr\u00f3 de comportament sense causar dany, combinant est\u00edmuls inofensius amb la intel\u00b7lig\u00e8ncia natural dels animals.<\/p><\/div><\/div><div class=\"wp-block-uagb-faq-child uagb-faq-child__outer-wrap uagb-faq-item uagb-block-87f291e1 \" role=\"tab\" tabindex=\"0\"><div class=\"uagb-faq-questions-button uagb-faq-questions\">\t\t\t<span class=\"uagb-icon uagb-faq-icon-wrap\">\n\t\t\t\t\t\t\t\t<svg xmlns=\"https:\/\/www.w3.org\/2000\/svg\" viewBox= \"0 0 448 512\"><path d=\"M432 256c0 17.69-14.33 32.01-32 32.01H256v144c0 17.69-14.33 31.99-32 31.99s-32-14.3-32-31.99v-144H48c-17.67 0-32-14.32-32-32.01s14.33-31.99 32-31.99H192v-144c0-17.69 14.33-32.01 32-32.01s32 14.32 32 32.01v144h144C417.7 224 432 238.3 432 256z\"><\/path><\/svg>\n\t\t\t\t\t\t\t<\/span>\n\t\t\t\t\t\t<span class=\"uagb-icon-active uagb-faq-icon-wrap\">\n\t\t\t\t\t\t\t\t<svg xmlns=\"https:\/\/www.w3.org\/2000\/svg\" viewBox= \"0 0 448 512\"><path d=\"M400 288h-352c-17.69 0-32-14.32-32-32.01s14.31-31.99 32-31.99h352c17.69 0 32 14.3 32 31.99S417.7 288 400 288z\"><\/path><\/svg>\n\t\t\t\t\t\t\t<\/span>\n\t\t\t<h6 class=\"uagb-question\">\u00bf\u00c9s legal l\u2019\u00fas del dispositiu de protecci\u00f3 urbana?<\/h6><\/div><div class=\"uagb-faq-content\"><p>S\u00ed, totalment. Protegir la teva fa\u00e7ana o portal no nom\u00e9s \u00e9s leg\u00edtim, sin\u00f3 obligatori. L\u2019article 348 del Codi Civil reconeix el teu dret a conservar i defensar la teva propietat davant usos indeguts, com per exemple\u2026 que es converteixi en urinari p\u00fablic can\u00ed. El nostre dispositiu de protecci\u00f3 urbana no danya, no molesta i no es col\u00b7loca a l\u2019animal. Simplement dissuadeix, de forma passiva i segura, comportaments que ja s\u00f3n sancionables per llei. Si algun propietari del gos molest volgu\u00e9s denunciar-te, primer hauria d\u2019explicar davant les autoritats per qu\u00e8 creu que el seu gos t\u00e9 \u201cdret\u201d a usar la teva paret o portal com a lavabo. \u00bfSona absurd, oi? Doncs aix\u00f2.<\/p><\/div><\/div><div class=\"wp-block-uagb-faq-child uagb-faq-child__outer-wrap uagb-faq-item uagb-block-a1139d15 \" role=\"tab\" tabindex=\"0\"><div class=\"uagb-faq-questions-button uagb-faq-questions\">\t\t\t<span class=\"uagb-icon uagb-faq-icon-wrap\">\n\t\t\t\t\t\t\t\t<svg xmlns=\"https:\/\/www.w3.org\/2000\/svg\" viewBox= \"0 0 448 512\"><path d=\"M432 256c0 17.69-14.33 32.01-32 32.01H256v144c0 17.69-14.33 31.99-32 31.99s-32-14.3-32-31.99v-144H48c-17.67 0-32-14.32-32-32.01s14.33-31.99 32-31.99H192v-144c0-17.69 14.33-32.01 32-32.01s32 14.32 32 32.01v144h144C417.7 224 432 238.3 432 256z\"><\/path><\/svg>\n\t\t\t\t\t\t\t<\/span>\n\t\t\t\t\t\t<span class=\"uagb-icon-active uagb-faq-icon-wrap\">\n\t\t\t\t\t\t\t\t<svg xmlns=\"https:\/\/www.w3.org\/2000\/svg\" viewBox= \"0 0 448 512\"><path d=\"M400 288h-352c-17.69 0-32-14.32-32-32.01s14.31-31.99 32-31.99h352c17.69 0 32 14.3 32 31.99S417.7 288 400 288z\"><\/path><\/svg>\n\t\t\t\t\t\t\t<\/span>\n\t\t\t<h6 class=\"uagb-question\">\u00bfQu\u00e8 \u00e9s una l\u00e0mina protectora?<\/h6><\/div><div class=\"uagb-faq-content\"><p>\u00c9s una l\u00e0mina fina, d\u2019aproximadament 1 mm de gruix, en la qual, per la cara visible, est\u00e0 integrat un circuit de conductors el\u00e8ctrics. \u00c9s flexible i, si cal, es pot doblegar o retallar per adaptar-se a diferents superf\u00edcies. Actualment es preveuen dos formats principals: Format rectangular gran, de 75 cm de llarg per 45 cm d\u2019ample, dissenyat per protegir fa\u00e7anes, portals i altres elements del mobiliari urb\u00e0 contra les miccions canines. Format estret i allargat, de 5 metres de longitud per 2 cm d\u2019ample, pensat per a la seva instal\u00b7laci\u00f3 en balcons, finestres o cornises, amb l\u2019objectiu de dissuadir les aus.<\/p><\/div><\/div><div class=\"wp-block-uagb-faq-child uagb-faq-child__outer-wrap uagb-faq-item uagb-block-54d8a8ca \" role=\"tab\" tabindex=\"0\"><div class=\"uagb-faq-questions-button uagb-faq-questions\">\t\t\t<span class=\"uagb-icon uagb-faq-icon-wrap\">\n\t\t\t\t\t\t\t\t<svg xmlns=\"https:\/\/www.w3.org\/2000\/svg\" viewBox= \"0 0 448 512\"><path d=\"M432 256c0 17.69-14.33 32.01-32 32.01H256v144c0 17.69-14.33 31.99-32 31.99s-32-14.3-32-31.99v-144H48c-17.67 0-32-14.32-32-32.01s14.33-31.99 32-31.99H192v-144c0-17.69 14.33-32.01 32-32.01s32 14.32 32 32.01v144h144C417.7 224 432 238.3 432 256z\"><\/path><\/svg>\n\t\t\t\t\t\t\t<\/span>\n\t\t\t\t\t\t<span class=\"uagb-icon-active uagb-faq-icon-wrap\">\n\t\t\t\t\t\t\t\t<svg xmlns=\"https:\/\/www.w3.org\/2000\/svg\" viewBox= \"0 0 448 512\"><path d=\"M400 288h-352c-17.69 0-32-14.32-32-32.01s14.31-31.99 32-31.99h352c17.69 0 32 14.3 32 31.99S417.7 288 400 288z\"><\/path><\/svg>\n\t\t\t\t\t\t\t<\/span>\n\t\t\t<h6 class=\"uagb-question\">\u00bfQuant dura la bateria?<\/h6><\/div><div class=\"uagb-faq-content\"><p>El dispositiu t\u00e9 un consum extremadament baix que es cobreix en la seva totalitat amb l\u2019energia solar. No obstant aix\u00f2, en cas d\u2019impossibilitat d\u2019acc\u00e9s als raigs solars, el dispositiu est\u00e0 previst amb el compartiment per a les piles i un connector universal per a les fonts d\u2019electricitat alternatives. Amb quatre piles d\u20191,5 V, el dispositiu pot operar a m\u00e0xima capacitat durant 1 any m\u00ednim.<\/p><\/div><\/div><div class=\"wp-block-uagb-faq-child uagb-faq-child__outer-wrap uagb-faq-item uagb-block-1a272624 \" role=\"tab\" tabindex=\"0\"><div class=\"uagb-faq-questions-button uagb-faq-questions\">\t\t\t<span class=\"uagb-icon uagb-faq-icon-wrap\">\n\t\t\t\t\t\t\t\t<svg xmlns=\"https:\/\/www.w3.org\/2000\/svg\" viewBox= \"0 0 448 512\"><path d=\"M432 256c0 17.69-14.33 32.01-32 32.01H256v144c0 17.69-14.33 31.99-32 31.99s-32-14.3-32-31.99v-144H48c-17.67 0-32-14.32-32-32.01s14.33-31.99 32-31.99H192v-144c0-17.69 14.33-32.01 32-32.01s32 14.32 32 32.01v144h144C417.7 224 432 238.3 432 256z\"><\/path><\/svg>\n\t\t\t\t\t\t\t<\/span>\n\t\t\t\t\t\t<span class=\"uagb-icon-active uagb-faq-icon-wrap\">\n\t\t\t\t\t\t\t\t<svg xmlns=\"https:\/\/www.w3.org\/2000\/svg\" viewBox= \"0 0 448 512\"><path d=\"M400 288h-352c-17.69 0-32-14.32-32-32.01s14.31-31.99 32-31.99h352c17.69 0 32 14.3 32 31.99S417.7 288 400 288z\"><\/path><\/svg>\n\t\t\t\t\t\t\t<\/span>\n\t\t\t<h6 class=\"uagb-question\">\u00bfEs pot usar el mateix dispositiu per protegir la meva fa\u00e7ana i balc\u00f3 alhora?<\/h6><\/div><div class=\"uagb-faq-content\"><p>Naturalment. De fet, el dispositiu est\u00e0 pensat per a aix\u00f2 i molt m\u00e9s, i tindr\u00e0 connectors independents per a la connexi\u00f3 de diferents grups de l\u00e0mines protectores.<\/p><\/div><\/div><div class=\"wp-block-uagb-faq-child uagb-faq-child__outer-wrap uagb-faq-item uagb-block-cc05dd4c \" role=\"tab\" tabindex=\"0\"><div class=\"uagb-faq-questions-button uagb-faq-questions\">\t\t\t<span class=\"uagb-icon uagb-faq-icon-wrap\">\n\t\t\t\t\t\t\t\t<svg xmlns=\"https:\/\/www.w3.org\/2000\/svg\" viewBox= \"0 0 448 512\"><path d=\"M432 256c0 17.69-14.33 32.01-32 32.01H256v144c0 17.69-14.33 31.99-32 31.99s-32-14.3-32-31.99v-144H48c-17.67 0-32-14.32-32-32.01s14.33-31.99 32-31.99H192v-144c0-17.69 14.33-32.01 32-32.01s32 14.32 32 32.01v144h144C417.7 224 432 238.3 432 256z\"><\/path><\/svg>\n\t\t\t\t\t\t\t<\/span>\n\t\t\t\t\t\t<span class=\"uagb-icon-active uagb-faq-icon-wrap\">\n\t\t\t\t\t\t\t\t<svg xmlns=\"https:\/\/www.w3.org\/2000\/svg\" viewBox= \"0 0 448 512\"><path d=\"M400 288h-352c-17.69 0-32-14.32-32-32.01s14.31-31.99 32-31.99h352c17.69 0 32 14.3 32 31.99S417.7 288 400 288z\"><\/path><\/svg>\n\t\t\t\t\t\t\t<\/span>\n\t\t\t<h6 class=\"uagb-question\">\u00bfCom i on s\u2019instal\u00b7la?<\/h6><\/div><div class=\"uagb-faq-content\"><p>El dispositiu est\u00e0 dissenyat per adaptar-se a diferents tipus de superf\u00edcies i necessitats. Es pot instal\u00b7lar f\u00e0cilment amb adhesiu, cargolat o mitjan\u00e7ant altres mitjans segons el que resulti m\u00e9s convenient per al propietari o el tipus de superf\u00edcie. La instal\u00b7laci\u00f3 \u00e9s senzilla, no requereix obres ni modificacions, i permet una fixaci\u00f3 segura i duradora tant en espais p\u00fablics com privats.<\/p><\/div><\/div><div class=\"wp-block-uagb-faq-child uagb-faq-child__outer-wrap uagb-faq-item uagb-block-3ea28870 \" role=\"tab\" tabindex=\"0\"><div class=\"uagb-faq-questions-button uagb-faq-questions\">\t\t\t<span class=\"uagb-icon uagb-faq-icon-wrap\">\n\t\t\t\t\t\t\t\t<svg xmlns=\"https:\/\/www.w3.org\/2000\/svg\" viewBox= \"0 0 448 512\"><path d=\"M432 256c0 17.69-14.33 32.01-32 32.01H256v144c0 17.69-14.33 31.99-32 31.99s-32-14.3-32-31.99v-144H48c-17.67 0-32-14.32-32-32.01s14.33-31.99 32-31.99H192v-144c0-17.69 14.33-32.01 32-32.01s32 14.32 32 32.01v144h144C417.7 224 432 238.3 432 256z\"><\/path><\/svg>\n\t\t\t\t\t\t\t<\/span>\n\t\t\t\t\t\t<span class=\"uagb-icon-active uagb-faq-icon-wrap\">\n\t\t\t\t\t\t\t\t<svg xmlns=\"https:\/\/www.w3.org\/2000\/svg\" viewBox= \"0 0 448 512\"><path d=\"M400 288h-352c-17.69 0-32-14.32-32-32.01s14.31-31.99 32-31.99h352c17.69 0 32 14.3 32 31.99S417.7 288 400 288z\"><\/path><\/svg>\n\t\t\t\t\t\t\t<\/span>\n\t\t\t<h6 class=\"uagb-question\">\u00bfQuan estar\u00e0 a la venda i el preu?<\/h6><\/div><div class=\"uagb-faq-content\"><p>Actualment estem en proc\u00e9s de prototipatge i proves, per\u00f2 planifiquem sortir al mercat cap a la primavera de 2026. Ampliarem la informaci\u00f3 a mesura que avanci el projecte. El preu orientatiu del pack b\u00e0sic (unitat de control + dues l\u00e0mines protectores a triar) \u00e9s de 150 \u20ac per a Espanya i altres pa\u00efsos de la Uni\u00f3 Europea. Per a destinacions fora de la UE, la disponibilitat i els costos d\u2019enviament estaran subjectes a les normatives aranzel\u00e0ries vigents i s\u2019avaluaran individualment. Tots els detalls definitius (preus i condicions d\u2019enviament) es confirmaran en llan\u00e7ar la preventa.<\/p><\/div><\/div><div class=\"wp-block-uagb-faq-child uagb-faq-child__outer-wrap uagb-faq-item uagb-block-00b9c8cd \" role=\"tab\" tabindex=\"0\"><div class=\"uagb-faq-questions-button uagb-faq-questions\">\t\t\t<span class=\"uagb-icon uagb-faq-icon-wrap\">\n\t\t\t\t\t\t\t\t<svg xmlns=\"https:\/\/www.w3.org\/2000\/svg\" viewBox= \"0 0 448 512\"><path d=\"M432 256c0 17.69-14.33 32.01-32 32.01H256v144c0 17.69-14.33 31.99-32 31.99s-32-14.3-32-31.99v-144H48c-17.67 0-32-14.32-32-32.01s14.33-31.99 32-31.99H192v-144c0-17.69 14.33-32.01 32-32.01s32 14.32 32 32.01v144h144C417.7 224 432 238.3 432 256z\"><\/path><\/svg>\n\t\t\t\t\t\t\t<\/span>\n\t\t\t\t\t\t<span class=\"uagb-icon-active uagb-faq-icon-wrap\">\n\t\t\t\t\t\t\t\t<svg xmlns=\"https:\/\/www.w3.org\/2000\/svg\" viewBox= \"0 0 448 512\"><path d=\"M400 288h-352c-17.69 0-32-14.32-32-32.01s14.31-31.99 32-31.99h352c17.69 0 32 14.3 32 31.99S417.7 288 400 288z\"><\/path><\/svg>\n\t\t\t\t\t\t\t<\/span>\n\t\t\t<h6 class=\"uagb-question\">\u00bfQu\u00e8 \u00e9s el circuit de pintura conductora?<\/h6><\/div><div class=\"uagb-faq-content\"><p>L\u2019aplicaci\u00f3 de circuit de pintura conductora \u00e9s el seg\u00fcent pas de la nostra tecnologia previst per al futur. \u00c9s la integraci\u00f3 directa del nostre dispositiu amb els objectes de protecci\u00f3 mitjan\u00e7ant les pistes de pintura conductora d\u2019electricitat. Una soluci\u00f3 m\u00e9s avan\u00e7ada, vers\u00e0til i eficient. Aquesta transici\u00f3 representar\u00e0 una fase superior en la nostra fulla de ruta tecnol\u00f2gica, cap a solucions m\u00e9s integrades, discretes i eficients.<\/p><\/div><\/div><\/div><\/div><\/div><\/div>\n<\/div><\/div>\n\n\n\n<p><\/p>\n","protected":false},"excerpt":{"rendered":"<p>Preguntes Freq\u00fcents (FAQs) A la nostra secci\u00f3 de Preguntes Freq\u00fcents, trobar\u00e0s informaci\u00f3 clau sobre el nostre dispositiu de protecci\u00f3 urbana, la seva instal\u00b7laci\u00f3, manteniment i optimitzaci\u00f3. Tamb\u00e9 t\u2019expliquem els fonaments legals de l\u2019\u00fas del nostre dispositiu i et mantindrem al corrent de les \u00faltimes novetats.<\/p>\n","protected":false},"author":1,"featured_media":0,"parent":0,"menu_order":3,"comment_status":"closed","ping_status":"closed","template":"","meta":{"_uag_custom_page_level_css":"","footnotes":""},"class_list":["post-962","page","type-page","status-publish","hentry"],"blocksy_meta":[],"yoast_head":"<!-- This site is optimized with the Yoast SEO plugin v27.5 - https:\/\/yoast.com\/product\/yoast-seo-wordpress\/ -->\n<title>FAQs - TecnoStatus<\/title>\n<meta name=\"robots\" content=\"index, follow, max-snippet:-1, max-image-preview:large, max-video-preview:-1\" \/>\n<link rel=\"canonical\" href=\"https:\/\/tecnostatus.com\/cat\/faqs\/\" \/>\n<meta property=\"og:locale\" content=\"ca_ES\" \/>\n<meta property=\"og:type\" content=\"article\" \/>\n<meta property=\"og:title\" content=\"FAQs - TecnoStatus\" \/>\n<meta property=\"og:description\" content=\"Preguntes Freq\u00fcents (FAQs) A la nostra secci\u00f3 de Preguntes Freq\u00fcents, trobar\u00e0s informaci\u00f3 clau sobre el nostre dispositiu de protecci\u00f3 urbana, la seva instal\u00b7laci\u00f3, manteniment i optimitzaci\u00f3. Tamb\u00e9 t\u2019expliquem els fonaments legals de l\u2019\u00fas del nostre dispositiu i et mantindrem al corrent de les \u00faltimes novetats.\" \/>\n<meta property=\"og:url\" content=\"https:\/\/tecnostatus.com\/cat\/faqs\/\" \/>\n<meta property=\"og:site_name\" content=\"TecnoStatus\" \/>\n<meta property=\"article:modified_time\" content=\"2026-01-09T18:39:03+00:00\" \/>\n<meta name=\"twitter:card\" content=\"summary_large_image\" \/>\n<meta name=\"twitter:label1\" content=\"Temps estimat de lectura\" \/>\n\t<meta name=\"twitter:data1\" content=\"1 minut\" \/>\n<script type=\"application\/ld+json\" class=\"yoast-schema-graph\">{\"@context\":\"https:\\\/\\\/schema.org\",\"@graph\":[{\"@type\":\"WebPage\",\"@id\":\"https:\\\/\\\/tecnostatus.com\\\/cat\\\/faqs\\\/\",\"url\":\"https:\\\/\\\/tecnostatus.com\\\/cat\\\/faqs\\\/\",\"name\":\"FAQs - TecnoStatus\",\"isPartOf\":{\"@id\":\"https:\\\/\\\/tecnostatus.com\\\/cat\\\/#website\"},\"datePublished\":\"2025-04-22T07:40:24+00:00\",\"dateModified\":\"2026-01-09T18:39:03+00:00\",\"breadcrumb\":{\"@id\":\"https:\\\/\\\/tecnostatus.com\\\/cat\\\/faqs\\\/#breadcrumb\"},\"inLanguage\":\"ca\",\"potentialAction\":[{\"@type\":\"ReadAction\",\"target\":[\"https:\\\/\\\/tecnostatus.com\\\/cat\\\/faqs\\\/\"]}]},{\"@type\":\"BreadcrumbList\",\"@id\":\"https:\\\/\\\/tecnostatus.com\\\/cat\\\/faqs\\\/#breadcrumb\",\"itemListElement\":[{\"@type\":\"ListItem\",\"position\":1,\"name\":\"Portada\",\"item\":\"https:\\\/\\\/tecnostatus.com\\\/cat\\\/\"},{\"@type\":\"ListItem\",\"position\":2,\"name\":\"FAQs\"}]},{\"@type\":\"WebSite\",\"@id\":\"https:\\\/\\\/tecnostatus.com\\\/cat\\\/#website\",\"url\":\"https:\\\/\\\/tecnostatus.com\\\/cat\\\/\",\"name\":\"TecnoStatus\",\"description\":\"Ciutats sostenibles i agradables\",\"publisher\":{\"@id\":\"https:\\\/\\\/tecnostatus.com\\\/cat\\\/#organization\"},\"potentialAction\":[{\"@type\":\"SearchAction\",\"target\":{\"@type\":\"EntryPoint\",\"urlTemplate\":\"https:\\\/\\\/tecnostatus.com\\\/cat\\\/?s={search_term_string}\"},\"query-input\":{\"@type\":\"PropertyValueSpecification\",\"valueRequired\":true,\"valueName\":\"search_term_string\"}}],\"inLanguage\":\"ca\"},{\"@type\":\"Organization\",\"@id\":\"https:\\\/\\\/tecnostatus.com\\\/cat\\\/#organization\",\"name\":\"TecnoStatus\",\"url\":\"https:\\\/\\\/tecnostatus.com\\\/cat\\\/\",\"logo\":{\"@type\":\"ImageObject\",\"inLanguage\":\"ca\",\"@id\":\"https:\\\/\\\/tecnostatus.com\\\/cat\\\/#\\\/schema\\\/logo\\\/image\\\/\",\"url\":\"https:\\\/\\\/tecnostatus.com\\\/cat\\\/wp-content\\\/uploads\\\/sites\\\/11\\\/2025\\\/05\\\/cropped-Logo-TS.png\",\"contentUrl\":\"https:\\\/\\\/tecnostatus.com\\\/cat\\\/wp-content\\\/uploads\\\/sites\\\/11\\\/2025\\\/05\\\/cropped-Logo-TS.png\",\"width\":512,\"height\":512,\"caption\":\"TecnoStatus\"},\"image\":{\"@id\":\"https:\\\/\\\/tecnostatus.com\\\/cat\\\/#\\\/schema\\\/logo\\\/image\\\/\"}}]}<\/script>\n<!-- \/ Yoast SEO plugin. -->","yoast_head_json":{"title":"FAQs - TecnoStatus","robots":{"index":"index","follow":"follow","max-snippet":"max-snippet:-1","max-image-preview":"max-image-preview:large","max-video-preview":"max-video-preview:-1"},"canonical":"https:\/\/tecnostatus.com\/cat\/faqs\/","og_locale":"ca_ES","og_type":"article","og_title":"FAQs - TecnoStatus","og_description":"Preguntes Freq\u00fcents (FAQs) A la nostra secci\u00f3 de Preguntes Freq\u00fcents, trobar\u00e0s informaci\u00f3 clau sobre el nostre dispositiu de protecci\u00f3 urbana, la seva instal\u00b7laci\u00f3, manteniment i optimitzaci\u00f3. Tamb\u00e9 t\u2019expliquem els fonaments legals de l\u2019\u00fas del nostre dispositiu i et mantindrem al corrent de les \u00faltimes novetats.","og_url":"https:\/\/tecnostatus.com\/cat\/faqs\/","og_site_name":"TecnoStatus","article_modified_time":"2026-01-09T18:39:03+00:00","twitter_card":"summary_large_image","twitter_misc":{"Temps estimat de lectura":"1 minut"},"schema":{"@context":"https:\/\/schema.org","@graph":[{"@type":"WebPage","@id":"https:\/\/tecnostatus.com\/cat\/faqs\/","url":"https:\/\/tecnostatus.com\/cat\/faqs\/","name":"FAQs - TecnoStatus","isPartOf":{"@id":"https:\/\/tecnostatus.com\/cat\/#website"},"datePublished":"2025-04-22T07:40:24+00:00","dateModified":"2026-01-09T18:39:03+00:00","breadcrumb":{"@id":"https:\/\/tecnostatus.com\/cat\/faqs\/#breadcrumb"},"inLanguage":"ca","potentialAction":[{"@type":"ReadAction","target":["https:\/\/tecnostatus.com\/cat\/faqs\/"]}]},{"@type":"BreadcrumbList","@id":"https:\/\/tecnostatus.com\/cat\/faqs\/#breadcrumb","itemListElement":[{"@type":"ListItem","position":1,"name":"Portada","item":"https:\/\/tecnostatus.com\/cat\/"},{"@type":"ListItem","position":2,"name":"FAQs"}]},{"@type":"WebSite","@id":"https:\/\/tecnostatus.com\/cat\/#website","url":"https:\/\/tecnostatus.com\/cat\/","name":"TecnoStatus","description":"Ciutats sostenibles i agradables","publisher":{"@id":"https:\/\/tecnostatus.com\/cat\/#organization"},"potentialAction":[{"@type":"SearchAction","target":{"@type":"EntryPoint","urlTemplate":"https:\/\/tecnostatus.com\/cat\/?s={search_term_string}"},"query-input":{"@type":"PropertyValueSpecification","valueRequired":true,"valueName":"search_term_string"}}],"inLanguage":"ca"},{"@type":"Organization","@id":"https:\/\/tecnostatus.com\/cat\/#organization","name":"TecnoStatus","url":"https:\/\/tecnostatus.com\/cat\/","logo":{"@type":"ImageObject","inLanguage":"ca","@id":"https:\/\/tecnostatus.com\/cat\/#\/schema\/logo\/image\/","url":"https:\/\/tecnostatus.com\/cat\/wp-content\/uploads\/sites\/11\/2025\/05\/cropped-Logo-TS.png","contentUrl":"https:\/\/tecnostatus.com\/cat\/wp-content\/uploads\/sites\/11\/2025\/05\/cropped-Logo-TS.png","width":512,"height":512,"caption":"TecnoStatus"},"image":{"@id":"https:\/\/tecnostatus.com\/cat\/#\/schema\/logo\/image\/"}}]}},"uagb_featured_image_src":{"full":false,"thumbnail":false,"medium":false,"medium_large":false,"large":false,"1536x1536":false,"2048x2048":false},"uagb_author_info":{"display_name":"info@tecnostatus.com","author_link":"https:\/\/tecnostatus.com\/cat\/blog\/author\/ec7223gmail-com\/"},"uagb_comment_info":0,"uagb_excerpt":"Preguntes Freq\u00fcents (FAQs) A la nostra secci\u00f3 de Preguntes Freq\u00fcents, trobar\u00e0s informaci\u00f3 clau sobre el nostre dispositiu de protecci\u00f3 urbana, la seva instal\u00b7laci\u00f3, manteniment i optimitzaci\u00f3. Tamb\u00e9 t\u2019expliquem els fonaments legals de l\u2019\u00fas del nostre dispositiu i et mantindrem al corrent de les \u00faltimes novetats.","_links":{"self":[{"href":"https:\/\/tecnostatus.com\/cat\/wp-json\/wp\/v2\/pages\/962","targetHints":{"allow":["GET"]}}],"collection":[{"href":"https:\/\/tecnostatus.com\/cat\/wp-json\/wp\/v2\/pages"}],"about":[{"href":"https:\/\/tecnostatus.com\/cat\/wp-json\/wp\/v2\/types\/page"}],"author":[{"embeddable":true,"href":"https:\/\/tecnostatus.com\/cat\/wp-json\/wp\/v2\/users\/1"}],"replies":[{"embeddable":true,"href":"https:\/\/tecnostatus.com\/cat\/wp-json\/wp\/v2\/comments?post=962"}],"version-history":[{"count":64,"href":"https:\/\/tecnostatus.com\/cat\/wp-json\/wp\/v2\/pages\/962\/revisions"}],"predecessor-version":[{"id":3334,"href":"https:\/\/tecnostatus.com\/cat\/wp-json\/wp\/v2\/pages\/962\/revisions\/3334"}],"wp:attachment":[{"href":"https:\/\/tecnostatus.com\/cat\/wp-json\/wp\/v2\/media?parent=962"}],"curies":[{"name":"wp","href":"https:\/\/api.w.org\/{rel}","templated":true}]}}